{"id":1517,"date":"2018-11-18T12:09:48","date_gmt":"2018-11-18T11:09:48","guid":{"rendered":"http:\/\/www.jean-michel-ducasse.com\/boutique\/?page_id=1517"},"modified":"2018-11-18T12:09:48","modified_gmt":"2018-11-18T11:09:48","slug":"le-certificat-dauthenticite-hahnemuhle","status":"publish","type":"page","link":"https:\/\/www.jean-michel-ducasse.com\/boutique\/le-certificat-dauthenticite-hahnemuhle\/","title":{"rendered":"Le certificat d\u2019authenticit\u00e9 Hahnem\u00fchle"},"content":{"rendered":"<p>Le certificat d\u2019authenticit\u00e9 Hahnem\u00fchle a \u00e9t\u00e9 cr\u00e9\u00e9 pour les artistes et photographes qui veulent garantir le caract\u00e8re unique de leurs \u0153uvres et reproductions \u00e0 tirage limit\u00e9 sur les papiers Hahnem\u00fchle.<br \/>\nChaque certificat est un document papier fabriqu\u00e9 sur machine forme ronde. Ce document est s\u00e9curis\u00e9 contre la falsification par la pr\u00e9sence d\u2019un filigrane Hahnem\u00fchle et de fibres de s\u00e9curit\u00e9 fluorescentes.<br \/>\nSur chaque feuille est \u00e9galement inclus un hologramme num\u00e9rot\u00e9. Un second hologramme, portant un num\u00e9ro identique, peut \u00eatre coll\u00e9 directement au verso de l\u2019\u0153uvre. Cette association d\u2019un certificat et d\u2019un hologramme garantit que chaque certificat d\u2019authenticit\u00e9 se r\u00e9f\u00e8re \u00e0 une seule \u0153uvre d\u2019art. L\u2019artiste peut lui-m\u00eame concevoir et imprimer le texte et la maquette de son certificat.<\/p>\n<p>&nbsp;<\/p>\n<p><img loading=\"lazy\" decoding=\"async\" class=\"aligncenter wp-image-1518 size-large\" src=\"http:\/\/www.jean-michel-ducasse.com\/boutique\/wp-content\/uploads\/2018\/11\/Hahnemu\u0308hle-Certificate-in-use-1024x637.jpg\" alt=\"\" width=\"1024\" height=\"637\" srcset=\"https:\/\/www.jean-michel-ducasse.com\/boutique\/wp-content\/uploads\/2018\/11\/Hahnemu\u0308hle-Certificate-in-use-1024x637.jpg 1024w, https:\/\/www.jean-michel-ducasse.com\/boutique\/wp-content\/uploads\/2018\/11\/Hahnemu\u0308hle-Certificate-in-use-scaled-416x259.jpg 416w, https:\/\/www.jean-michel-ducasse.com\/boutique\/wp-content\/uploads\/2018\/11\/Hahnemu\u0308hle-Certificate-in-use-300x187.jpg 300w, https:\/\/www.jean-michel-ducasse.com\/boutique\/wp-content\/uploads\/2018\/11\/Hahnemu\u0308hle-Certificate-in-use-768x478.jpg 768w, https:\/\/www.jean-michel-ducasse.com\/boutique\/wp-content\/uploads\/2018\/11\/Hahnemu\u0308hle-Certificate-in-use-1280x796.jpg 1280w, https:\/\/www.jean-michel-ducasse.com\/boutique\/wp-content\/uploads\/2018\/11\/Hahnemu\u0308hle-Certificate-in-use-600x373.jpg 600w\" sizes=\"auto, (max-width: 1024px) 100vw, 1024px\" \/><\/p>\n","protected":false},"excerpt":{"rendered":"<p>Le certificat d\u2019authenticit\u00e9 Hahnem\u00fchle a \u00e9t\u00e9 cr\u00e9\u00e9 pour les artistes et photographes qui veulent garantir le caract\u00e8re unique de leurs \u0153uvres et reproductions \u00e0 tirage limit\u00e9 sur les papiers Hahnem\u00fchle. Chaque certificat est un document papier fabriqu\u00e9 sur machine forme ronde. Ce document est s\u00e9curis\u00e9 contre la falsification par la pr\u00e9sence d\u2019un filigrane Hahnem\u00fchle et [&hellip;]<\/p>\n","protected":false},"author":1,"featured_media":1518,"parent":0,"menu_order":0,"comment_status":"closed","ping_status":"closed","template":"","meta":{"_acf_changed":false,"footnotes":""},"class_list":["post-1517","page","type-page","status-publish","has-post-thumbnail","hentry"],"acf":[],"_links":{"self":[{"href":"https:\/\/www.jean-michel-ducasse.com\/boutique\/wp-json\/wp\/v2\/pages\/1517","targetHints":{"allow":["GET"]}}],"collection":[{"href":"https:\/\/www.jean-michel-ducasse.com\/boutique\/wp-json\/wp\/v2\/pages"}],"about":[{"href":"https:\/\/www.jean-michel-ducasse.com\/boutique\/wp-json\/wp\/v2\/types\/page"}],"author":[{"embeddable":true,"href":"https:\/\/www.jean-michel-ducasse.com\/boutique\/wp-json\/wp\/v2\/users\/1"}],"replies":[{"embeddable":true,"href":"https:\/\/www.jean-michel-ducasse.com\/boutique\/wp-json\/wp\/v2\/comments?post=1517"}],"version-history":[{"count":1,"href":"https:\/\/www.jean-michel-ducasse.com\/boutique\/wp-json\/wp\/v2\/pages\/1517\/revisions"}],"predecessor-version":[{"id":1519,"href":"https:\/\/www.jean-michel-ducasse.com\/boutique\/wp-json\/wp\/v2\/pages\/1517\/revisions\/1519"}],"wp:featuredmedia":[{"embeddable":true,"href":"https:\/\/www.jean-michel-ducasse.com\/boutique\/wp-json\/wp\/v2\/media\/1518"}],"wp:attachment":[{"href":"https:\/\/www.jean-michel-ducasse.com\/boutique\/wp-json\/wp\/v2\/media?parent=1517"}],"curies":[{"name":"wp","href":"https:\/\/api.w.org\/{rel}","templated":true}]}}