{"id":1030,"date":"2018-11-08T08:08:46","date_gmt":"2018-11-08T07:08:46","guid":{"rendered":"http:\/\/www.jean-michel-ducasse.com\/boutique\/?post_type=product&#038;p=1030"},"modified":"2019-08-17T06:32:41","modified_gmt":"2019-08-17T05:32:41","slug":"brume-24","status":"publish","type":"product","link":"https:\/\/www.jean-michel-ducasse.com\/boutique\/photographies-d-art\/boutique\/brume\/brume-24\/","title":{"rendered":"Brume \/\/ 24"},"content":{"rendered":"<p>Votre tirage sera imprim\u00e9 sur papier HAHNEMUHLE Photo Rag 188gr (308gr pour les tirages sur Dibond). C\u2019est le papier pr\u00e9f\u00e9r\u00e9 des photographes pour la r\u00e9alisation de tirages d\u2019art. Le toucher et la structure superficielle tr\u00e8s fine et souple du Photo Rag sont versatiles et conviennent ainsi remarquablement au tirage de photos noir &amp; blanc, ainsi que pour la reproduction d\u2019\u0153uvres d\u2019art avec une grande profondeur d\u2019image<\/p>\n","protected":false},"excerpt":{"rendered":"<p>Photographie d&rsquo;art d&rsquo;une \u00e9trange montagne dans la brume \u00e9paisse dont la base du sommet s&rsquo;allonge horizontalement<\/p>\n<p><strong>Brume<\/strong><\/p>\n<p>Ou comment une nature accueillante peut au gr\u00e9 des \u00e9l\u00e9ments se transformer en lieu inqui\u00e9tant, voire hostile o\u00f9 le regard se perd, o\u00f9 le marcheur erre.<br \/>\nMais le lieu ainsi revisit\u00e9 peut \u00e9galement \u00eatre envoutant et alors ce brouillard peut devenir protecteur, enveloppant. Brouillard physique ou \u00e9tat psychique, et si le le brouillard pr\u00e9c\u00e9dait la lumi\u00e8re&#8230;<\/p>\n","protected":false},"featured_media":1401,"comment_status":"open","ping_status":"closed","template":"","meta":{"_acf_changed":false},"product_brand":[],"product_cat":[189],"product_tag":[190,191,11,13,192],"class_list":{"0":"post-1030","1":"product","2":"type-product","3":"status-publish","4":"has-post-thumbnail","6":"product_cat-brume","7":"product_tag-brume","8":"product_tag-expo","9":"product_tag-noir-et-blanc","10":"product_tag-photo","11":"product_tag-tirage-dart","12":"product_shipping_class-france","14":"first","15":"instock","16":"shipping-taxable","17":"purchasable","18":"product-type-variable","19":"has-default-attributes"},"acf":[],"_links":{"self":[{"href":"https:\/\/www.jean-michel-ducasse.com\/boutique\/wp-json\/wp\/v2\/product\/1030","targetHints":{"allow":["GET"]}}],"collection":[{"href":"https:\/\/www.jean-michel-ducasse.com\/boutique\/wp-json\/wp\/v2\/product"}],"about":[{"href":"https:\/\/www.jean-michel-ducasse.com\/boutique\/wp-json\/wp\/v2\/types\/product"}],"replies":[{"embeddable":true,"href":"https:\/\/www.jean-michel-ducasse.com\/boutique\/wp-json\/wp\/v2\/comments?post=1030"}],"wp:featuredmedia":[{"embeddable":true,"href":"https:\/\/www.jean-michel-ducasse.com\/boutique\/wp-json\/wp\/v2\/media\/1401"}],"wp:attachment":[{"href":"https:\/\/www.jean-michel-ducasse.com\/boutique\/wp-json\/wp\/v2\/media?parent=1030"}],"wp:term":[{"taxonomy":"product_brand","embeddable":true,"href":"https:\/\/www.jean-michel-ducasse.com\/boutique\/wp-json\/wp\/v2\/product_brand?post=1030"},{"taxonomy":"product_cat","embeddable":true,"href":"https:\/\/www.jean-michel-ducasse.com\/boutique\/wp-json\/wp\/v2\/product_cat?post=1030"},{"taxonomy":"product_tag","embeddable":true,"href":"https:\/\/www.jean-michel-ducasse.com\/boutique\/wp-json\/wp\/v2\/product_tag?post=1030"}],"curies":[{"name":"wp","href":"https:\/\/api.w.org\/{rel}","templated":true}]}}