{"id":113,"date":"2015-11-23T11:48:11","date_gmt":"2015-11-23T10:48:11","guid":{"rendered":"http:\/\/www.tirages-art.fr\/photographies-d-art\/instants-italiens\/fiat-500\/"},"modified":"2020-11-09T01:45:54","modified_gmt":"2020-11-09T00:45:54","slug":"fiat-500","status":"publish","type":"product","link":"https:\/\/www.jean-michel-ducasse.com\/boutique\/photographies-d-art\/boutique\/instants-italiens\/fiat-500\/","title":{"rendered":"Fiat 500"},"content":{"rendered":"<p><strong>Tirage 30x30cm seul ou avec cadre<\/strong><\/p>\n<p>Votre tirage sera imprim\u00e9 sur papier HAHNEMUHLE Photo Rag 188gr. C\u2019est le papier pr\u00e9f\u00e9r\u00e9 des photographes pour la r\u00e9alisation de tirages d\u2019art. Le toucher et la structure superficielle tr\u00e8s fine et souple du Photo Rag sont versatiles et conviennent ainsi remarquablement au tirage de photos couleurs, ainsi que pour la reproduction d\u2019\u0153uvres d\u2019art avec une grande profondeur d\u2019image<\/p>\n","protected":false},"excerpt":{"rendered":"<p><strong>Fiat 500<\/strong><br \/>\n<em>Photographie d&rsquo;une magnifique Fiat 500 prise \u00e0 Cisternino, dans la r\u00e9gion des Pouilles en Italie. Elle est noire dans un \u00e9tat quasi neuf et gar\u00e9e au fond d&rsquo;une petite ruelle bord\u00e9e de maisons blanches, typiques des villages des Pouilles.<\/em><\/p>\n","protected":false},"featured_media":99,"comment_status":"open","ping_status":"closed","template":"","meta":{"_acf_changed":false},"product_brand":[],"product_cat":[6],"product_tag":[31,32,9,11,13],"class_list":{"0":"post-113","1":"product","2":"type-product","3":"status-publish","4":"has-post-thumbnail","6":"product_cat-instants-italiens","7":"product_tag-cisternino","8":"product_tag-fiat-500","9":"product_tag-italie","10":"product_tag-noir-et-blanc","11":"product_tag-photo","12":"product_shipping_class-france","14":"first","15":"instock","16":"shipping-taxable","17":"purchasable","18":"product-type-variable"},"acf":[],"_links":{"self":[{"href":"https:\/\/www.jean-michel-ducasse.com\/boutique\/wp-json\/wp\/v2\/product\/113","targetHints":{"allow":["GET"]}}],"collection":[{"href":"https:\/\/www.jean-michel-ducasse.com\/boutique\/wp-json\/wp\/v2\/product"}],"about":[{"href":"https:\/\/www.jean-michel-ducasse.com\/boutique\/wp-json\/wp\/v2\/types\/product"}],"replies":[{"embeddable":true,"href":"https:\/\/www.jean-michel-ducasse.com\/boutique\/wp-json\/wp\/v2\/comments?post=113"}],"wp:featuredmedia":[{"embeddable":true,"href":"https:\/\/www.jean-michel-ducasse.com\/boutique\/wp-json\/wp\/v2\/media\/99"}],"wp:attachment":[{"href":"https:\/\/www.jean-michel-ducasse.com\/boutique\/wp-json\/wp\/v2\/media?parent=113"}],"wp:term":[{"taxonomy":"product_brand","embeddable":true,"href":"https:\/\/www.jean-michel-ducasse.com\/boutique\/wp-json\/wp\/v2\/product_brand?post=113"},{"taxonomy":"product_cat","embeddable":true,"href":"https:\/\/www.jean-michel-ducasse.com\/boutique\/wp-json\/wp\/v2\/product_cat?post=113"},{"taxonomy":"product_tag","embeddable":true,"href":"https:\/\/www.jean-michel-ducasse.com\/boutique\/wp-json\/wp\/v2\/product_tag?post=113"}],"curies":[{"name":"wp","href":"https:\/\/api.w.org\/{rel}","templated":true}]}}