{"id":1448,"date":"2018-11-16T08:32:39","date_gmt":"2018-11-16T07:32:39","guid":{"rendered":"http:\/\/www.jean-michel-ducasse.com\/boutique\/?post_type=product&#038;p=1448"},"modified":"2018-11-22T17:54:48","modified_gmt":"2018-11-22T16:54:48","slug":"brume-11","status":"publish","type":"product","link":"https:\/\/www.jean-michel-ducasse.com\/boutique\/photographies-d-art\/boutique\/brume\/brume-11\/","title":{"rendered":"Brume\u00a0 \/\/ 11"},"content":{"rendered":"<p>Votre tirage sera imprim\u00e9 sur papier HAHNEMUHLE Photo Rag 180gr. C\u2019est le papier pr\u00e9f\u00e9r\u00e9 des photographes pour la r\u00e9alisation de tirages d&rsquo;art. Le toucher et la structure superficielle tr\u00e8s fine et souple du Photo Rag sont versatiles et conviennent ainsi remarquablement au tirage de photos noir &amp; blanc, ainsi que pour la reproduction d&rsquo;\u0153uvres d&rsquo;art avec une grande profondeur d&rsquo;image<\/p>\n","protected":false},"excerpt":{"rendered":"<p>Photographie d&rsquo;une lisi\u00e8re de for\u00eat envelopp\u00e9e par la brume ne laissant para\u00eetre qu&rsquo;une petite partie du massif forestier et cr\u00e9ant une impression d&rsquo;ombres chinoises<\/p>\n<p><strong>Brume<\/strong><\/p>\n<p>Ou comment une nature accueillante peut au gr\u00e9 des \u00e9l\u00e9ments se transformer en lieu inqui\u00e9tant, voire hostile o\u00f9 le regard se perd, o\u00f9 le marcheur erre. Mais le lieu ainsi revisit\u00e9 peut \u00e9galement \u00eatre envoutant et alors ce brouillard peut devenir protecteur, enveloppant. Brouillard physique ou \u00e9tat psychique, et si le le brouillard pr\u00e9c\u00e9dait la lumi\u00e8re&#8230;<\/p>\n","protected":false},"featured_media":1447,"comment_status":"open","ping_status":"closed","template":"","meta":{"_acf_changed":false},"product_brand":[],"product_cat":[189],"product_tag":[190,191,11,13,192],"class_list":{"0":"post-1448","1":"product","2":"type-product","3":"status-publish","4":"has-post-thumbnail","6":"product_cat-brume","7":"product_tag-brume","8":"product_tag-expo","9":"product_tag-noir-et-blanc","10":"product_tag-photo","11":"product_tag-tirage-dart","12":"product_shipping_class-france","14":"first","15":"instock","16":"shipping-taxable","17":"purchasable","18":"product-type-variable"},"acf":[],"_links":{"self":[{"href":"https:\/\/www.jean-michel-ducasse.com\/boutique\/wp-json\/wp\/v2\/product\/1448","targetHints":{"allow":["GET"]}}],"collection":[{"href":"https:\/\/www.jean-michel-ducasse.com\/boutique\/wp-json\/wp\/v2\/product"}],"about":[{"href":"https:\/\/www.jean-michel-ducasse.com\/boutique\/wp-json\/wp\/v2\/types\/product"}],"replies":[{"embeddable":true,"href":"https:\/\/www.jean-michel-ducasse.com\/boutique\/wp-json\/wp\/v2\/comments?post=1448"}],"wp:featuredmedia":[{"embeddable":true,"href":"https:\/\/www.jean-michel-ducasse.com\/boutique\/wp-json\/wp\/v2\/media\/1447"}],"wp:attachment":[{"href":"https:\/\/www.jean-michel-ducasse.com\/boutique\/wp-json\/wp\/v2\/media?parent=1448"}],"wp:term":[{"taxonomy":"product_brand","embeddable":true,"href":"https:\/\/www.jean-michel-ducasse.com\/boutique\/wp-json\/wp\/v2\/product_brand?post=1448"},{"taxonomy":"product_cat","embeddable":true,"href":"https:\/\/www.jean-michel-ducasse.com\/boutique\/wp-json\/wp\/v2\/product_cat?post=1448"},{"taxonomy":"product_tag","embeddable":true,"href":"https:\/\/www.jean-michel-ducasse.com\/boutique\/wp-json\/wp\/v2\/product_tag?post=1448"}],"curies":[{"name":"wp","href":"https:\/\/api.w.org\/{rel}","templated":true}]}}