{"id":1887,"date":"2020-11-26T12:45:34","date_gmt":"2020-11-26T11:45:34","guid":{"rendered":"https:\/\/www.jean-michel-ducasse.com\/boutique\/?post_type=product&#038;p=1887"},"modified":"2020-11-26T13:32:12","modified_gmt":"2020-11-26T12:32:12","slug":"pau-place-royale","status":"publish","type":"product","link":"https:\/\/www.jean-michel-ducasse.com\/boutique\/photographies-d-art\/boutique\/abstrait\/pau-place-royale\/","title":{"rendered":"Pau \/\/ Place royale"},"content":{"rendered":"<p>Votre tirage sera imprim\u00e9 sur papier HAHNEMUHLE Photo Rag 308gr. C\u2019est le papier pr\u00e9f\u00e9r\u00e9 des photographes pour la r\u00e9alisation de tirages d&rsquo;art. Le toucher et la structure superficielle tr\u00e8s fine et souple du Photo Rag sont versatiles et conviennent ainsi remarquablement au tirage de photos noir &amp; blanc, ainsi que pour la reproduction d&rsquo;\u0153uvres d&rsquo;art avec une grande profondeur d&rsquo;image<\/p>\n","protected":false},"excerpt":{"rendered":"<div class=\"\">Photographie de la place Royale \u00e0 Pau avec en premier plan la statue d&rsquo;Henri IV et en arri\u00e8re plan de pic du midi d&rsquo;Ossau<\/div>\n<div class=\"\">\n<div class=\"\"><span class=\"\">Les traces laiss\u00e9es par le temps offrent au photographe une infinit\u00e9 de possibilit\u00e9s. Un lieu (front de mer, montagne, campagne, ville etc.) est une aire de d\u00e9couvertes permanentes. La roche\u00a0 sur le\u00a0 front de mer fa\u00e7onn\u00e9e par les mar\u00e9es, la neige\u00a0 par le vent, le froid \u00a0et le soleil, la terre par le temps et l&rsquo;homme, l&rsquo;eau en mouvement. Ici, pas de recherche de mim\u00e9tisme, juste la mati\u00e8re, forte, dense, intemporelle.<\/span><\/div>\n<\/div>\n<hr \/>\n<p>Votre tirage sera imprim\u00e9 sur papier HAHNEMUHLE Photo Rag 308gr. C\u2019est le papier pr\u00e9f\u00e9r\u00e9 des photographes pour la r\u00e9alisation de tirages d&rsquo;art. Le toucher et la structure superficielle tr\u00e8s fine et souple du Photo Rag sont versatiles et conviennent ainsi remarquablement au tirage de photos noir &amp; blanc, ainsi que pour la reproduction d&rsquo;\u0153uvres d&rsquo;art avec une grande profondeur d&rsquo;image.<\/p>\n","protected":false},"featured_media":1892,"comment_status":"open","ping_status":"closed","template":"","meta":{"_acf_changed":false},"product_brand":[],"product_cat":[235],"product_tag":[191,13,192],"class_list":{"0":"post-1887","1":"product","2":"type-product","3":"status-publish","4":"has-post-thumbnail","6":"product_cat-abstrait","7":"product_tag-expo","8":"product_tag-photo","9":"product_tag-tirage-dart","10":"product_shipping_class-france","12":"first","13":"instock","14":"shipping-taxable","15":"purchasable","16":"product-type-variable"},"acf":[],"_links":{"self":[{"href":"https:\/\/www.jean-michel-ducasse.com\/boutique\/wp-json\/wp\/v2\/product\/1887","targetHints":{"allow":["GET"]}}],"collection":[{"href":"https:\/\/www.jean-michel-ducasse.com\/boutique\/wp-json\/wp\/v2\/product"}],"about":[{"href":"https:\/\/www.jean-michel-ducasse.com\/boutique\/wp-json\/wp\/v2\/types\/product"}],"replies":[{"embeddable":true,"href":"https:\/\/www.jean-michel-ducasse.com\/boutique\/wp-json\/wp\/v2\/comments?post=1887"}],"wp:featuredmedia":[{"embeddable":true,"href":"https:\/\/www.jean-michel-ducasse.com\/boutique\/wp-json\/wp\/v2\/media\/1892"}],"wp:attachment":[{"href":"https:\/\/www.jean-michel-ducasse.com\/boutique\/wp-json\/wp\/v2\/media?parent=1887"}],"wp:term":[{"taxonomy":"product_brand","embeddable":true,"href":"https:\/\/www.jean-michel-ducasse.com\/boutique\/wp-json\/wp\/v2\/product_brand?post=1887"},{"taxonomy":"product_cat","embeddable":true,"href":"https:\/\/www.jean-michel-ducasse.com\/boutique\/wp-json\/wp\/v2\/product_cat?post=1887"},{"taxonomy":"product_tag","embeddable":true,"href":"https:\/\/www.jean-michel-ducasse.com\/boutique\/wp-json\/wp\/v2\/product_tag?post=1887"}],"curies":[{"name":"wp","href":"https:\/\/api.w.org\/{rel}","templated":true}]}}