{"id":1991,"date":"2021-01-29T10:23:31","date_gmt":"2021-01-29T09:23:31","guid":{"rendered":"https:\/\/www.jean-michel-ducasse.com\/boutique\/?post_type=product&#038;p=1991"},"modified":"2021-01-29T10:30:16","modified_gmt":"2021-01-29T09:30:16","slug":"les-pyrenees-au-lever-de-soleil-filigrane","status":"publish","type":"product","link":"https:\/\/www.jean-michel-ducasse.com\/boutique\/photographies-d-art\/boutique\/paysages\/campagne\/les-pyrenees-au-lever-de-soleil-filigrane\/","title":{"rendered":"Les Pyr\u00e9n\u00e9es au lever de soleil, filigrane"},"content":{"rendered":"<p>Imprim\u00e9e sur papier Hahnem\u00fchle Photo Rag\u00ae Ultra Smooth 305g pour les tirages encadr\u00e9s et support Alu-Dibond<\/p>\n<p>&nbsp;<\/p>\n<div class=\"ce-bodytext\">\n<p class=\"top-features\"><strong><span style=\"color: #999999;\"><em>305 g\/m\u00b2 \u00b7 100 % coton \u00b7 blanc<\/em><\/span><\/strong><\/p>\n<p><span style=\"color: #999999;\"><em>Photo Rag\u00ae Ultra Smooth de Hahnem\u00fchle compl\u00e8te la gamme Photo Rag\u00ae avec un papier particuli\u00e8rement lisse et doux pour l\u2019impression jet d\u2019encre de qualit\u00e9 sup\u00e9rieure. La surface de ce papier Fine Art blanc \u00e0 base de coton a une texture tr\u00e8s fine et d\u00e9licate. Elle est \u00e9galement tr\u00e8s douce au toucher. Le couchage jet d\u2019encre mat de premi\u00e8re qualit\u00e9 garantit des impressions exceptionnelles avec un rendu impressionnant des couleurs et des d\u00e9tails et un noir intense. Photo Rag\u00ae Ultra Smooth est \u00e0 usage polyvalent et convainc aussi bien pour la photographie Fine Art que pour les reproductions d\u2019\u0153uvres d\u2019art. Ce papier polyvalent sans acide et sans lignine est conforme aux exigences les plus \u00e9lev\u00e9es en mati\u00e8re de conservation et convient parfaitement pour les impressions Fine Art grand format.<\/em><\/span><\/p>\n<ul>\n<li><span style=\"color: #999999;\"><em>305 g \/ m\u00b2, 100% coton<\/em><\/span><\/li>\n<li><span style=\"color: #999999;\"><em>Blanc<\/em><\/span><\/li>\n<li><span style=\"color: #999999;\"><em>Discr\u00e8te, surface tr\u00e8s l\u00e9g\u00e8rement textur\u00e9e avec une sensation incroyablement soyeuse<\/em><\/span><\/li>\n<li><span style=\"color: #999999;\"><em>Couchage jet d&rsquo;encre mat premium pour des r\u00e9sultats d&rsquo;impression exceptionnels<\/em><\/span><\/li>\n<li><span style=\"color: #999999;\"><em>Sans acide ni lignine<\/em><\/span><\/li>\n<li><span style=\"color: #999999;\"><em>Conforme \u00e0 la norme ISO 9706 \/ qualit\u00e9 mus\u00e9e pour la conservation<\/em><\/span><\/li>\n<li><span style=\"color: #999999;\"><em>Compatible avec les syst\u00e8mes jet d&rsquo;encre \u00e0 pigment et \u00e0 colorant<\/em><\/span><\/li>\n<\/ul>\n<p><span style=\"color: #999999;\">Source : Site web Hahnem\u00fchle<\/span><\/p>\n<p>&nbsp;<\/p>\n<p><span style=\"color: #808080;\">Informations sur le papier d&rsquo;art<\/span><\/p>\n<p><a href=\"https:\/\/www.jean-michel-ducasse.com\/boutique\/wp-content\/uploads\/2020\/12\/Datenblatt-PhotoRagUltraSmooth.pdf\" target=\"_blank\" rel=\"noopener noreferrer\"><img loading=\"lazy\" decoding=\"async\" class=\"alignnone wp-image-1914 size-thumbnail\" src=\"https:\/\/www.jean-michel-ducasse.com\/boutique\/wp-content\/uploads\/2020\/12\/Capture-de\u0301cran-2020-12-11-a\u0300-11.24.07-150x150.png\" alt=\"\" width=\"150\" height=\"150\" srcset=\"https:\/\/www.jean-michel-ducasse.com\/boutique\/wp-content\/uploads\/2020\/12\/Capture-de\u0301cran-2020-12-11-a\u0300-11.24.07-150x150.png 150w, https:\/\/www.jean-michel-ducasse.com\/boutique\/wp-content\/uploads\/2020\/12\/Capture-de\u0301cran-2020-12-11-a\u0300-11.24.07-100x100.png 100w\" sizes=\"auto, (max-width: 150px) 100vw, 150px\" \/><\/a><\/p>\n<\/div>\n","protected":false},"excerpt":{"rendered":"<p>Les Pyr\u00e9n\u00e9es au lever de soleil, filigrane<\/p>\n<p>Photographie imprim\u00e9e sur papier Hahnem\u00fchle Photo Rag\u00ae Ultra Smooth 305g pour les tirages encadr\u00e9s et support Alu-Dibond<\/p>\n","protected":false},"featured_media":1999,"comment_status":"open","ping_status":"closed","template":"","meta":{"_acf_changed":false},"product_brand":[],"product_cat":[161,87,126,96,242],"product_tag":[241,154,13,92],"class_list":{"0":"post-1991","1":"product","2":"type-product","3":"status-publish","4":"has-post-thumbnail","6":"product_cat-campagne","7":"product_cat-montagne","8":"product_cat-paysages","9":"product_cat-boutique","10":"product_cat-voyages","11":"product_tag-filigrane","12":"product_tag-lever-de-soleil","13":"product_tag-photo","14":"product_tag-pyrenees","15":"product_shipping_class-france","17":"first","18":"instock","19":"shipping-taxable","20":"purchasable","21":"product-type-variable"},"acf":[],"_links":{"self":[{"href":"https:\/\/www.jean-michel-ducasse.com\/boutique\/wp-json\/wp\/v2\/product\/1991","targetHints":{"allow":["GET"]}}],"collection":[{"href":"https:\/\/www.jean-michel-ducasse.com\/boutique\/wp-json\/wp\/v2\/product"}],"about":[{"href":"https:\/\/www.jean-michel-ducasse.com\/boutique\/wp-json\/wp\/v2\/types\/product"}],"replies":[{"embeddable":true,"href":"https:\/\/www.jean-michel-ducasse.com\/boutique\/wp-json\/wp\/v2\/comments?post=1991"}],"wp:featuredmedia":[{"embeddable":true,"href":"https:\/\/www.jean-michel-ducasse.com\/boutique\/wp-json\/wp\/v2\/media\/1999"}],"wp:attachment":[{"href":"https:\/\/www.jean-michel-ducasse.com\/boutique\/wp-json\/wp\/v2\/media?parent=1991"}],"wp:term":[{"taxonomy":"product_brand","embeddable":true,"href":"https:\/\/www.jean-michel-ducasse.com\/boutique\/wp-json\/wp\/v2\/product_brand?post=1991"},{"taxonomy":"product_cat","embeddable":true,"href":"https:\/\/www.jean-michel-ducasse.com\/boutique\/wp-json\/wp\/v2\/product_cat?post=1991"},{"taxonomy":"product_tag","embeddable":true,"href":"https:\/\/www.jean-michel-ducasse.com\/boutique\/wp-json\/wp\/v2\/product_tag?post=1991"}],"curies":[{"name":"wp","href":"https:\/\/api.w.org\/{rel}","templated":true}]}}