{"id":2603,"date":"2022-05-05T11:11:10","date_gmt":"2022-05-05T10:11:10","guid":{"rendered":"https:\/\/www.jean-michel-ducasse.com\/boutique\/?post_type=product&#038;p=2603"},"modified":"2022-05-22T07:09:52","modified_gmt":"2022-05-22T06:09:52","slug":"voiture-de-course-rouge-en-effet-de-file-au-virage-de-la-gare-lors-du-grand-prix-historique-de-pau","status":"publish","type":"product","link":"https:\/\/www.jean-michel-ducasse.com\/boutique\/photographies-d-art\/banque-dimages\/vehicules\/voiture-de-course-rouge-en-effet-de-file-au-virage-de-la-gare-lors-du-grand-prix-historique-de-pau\/","title":{"rendered":"Voiture de course rouge en effet de fil\u00e9  au virage de la gare lors du grand prix historique de Pau"},"content":{"rendered":"<p><strong>Tirage professionnel dans cadre aluminium noir mat 60x40cm<\/strong><\/p>\n<p>Voiture de course rouge en effet de fil\u00e9 au virage de la gare lors du grand prix historique de Pau<\/p>\n<p>Le grand prix de Pau est une \u00e9preuve de course automobile (faisant suite au Grand Prix Moderne)\u00a0 qui se d\u00e9roule chaque ann\u00e9e\u00a0 \u00a0sur le circuit de la ville de Pau (le trac\u00e9 est situ\u00e9 dans certaines rues de la ville comme l&rsquo;avenue Gaston Lacoste, le contournement du parc Beaumont, la mont\u00e9e vers le pont Oscar au pied du boulevard des Pyr\u00e9n\u00e9es),\u00a0 Pyr\u00e9n\u00e9es-Atlantiques,\u00a0 France. Plusieurs types de courses s&rsquo;y d\u00e9roulent comme le Maxi 1300 &amp; British GT, l&rsquo;Historic Endurance 76GT, le Touring and GT, HGPCA F1 Pr\u00e9 61 Moteur Avant + Pr\u00e9 66 Moteur Arri\u00e8re + F.Junior, Les l\u00e9gendes du Grand Prix de Pau Historique (F1 \/ F2 \/ F5000 pr\u00e9 79) etc.<\/p>\n","protected":false},"excerpt":{"rendered":"<p>Voiture de course rouge en effet de fil\u00e9 au virage de la gare lors du grand prix historique de Pau<\/p>\n","protected":false},"featured_media":2569,"comment_status":"closed","ping_status":"closed","template":"","meta":{"_acf_changed":false},"product_brand":[],"product_cat":[169,168],"product_tag":[175,339,342,172,174,178,340,173,171,176,179,170,145],"class_list":{"0":"post-2603","1":"product","2":"type-product","3":"status-publish","4":"has-post-thumbnail","6":"product_cat-vehicules","7":"product_cat-vehicules-de-collection","8":"product_tag-automobile","9":"product_tag-bugatti","10":"product_tag-carlo-borrani","11":"product_tag-collection","12":"product_tag-courses","13":"product_tag-echappement","14":"product_tag-ferrari","15":"product_tag-historique","16":"product_tag-jaguar","17":"product_tag-lola","18":"product_tag-lotus","19":"product_tag-roue-a-rayons","20":"product_tag-rouge","21":"product_shipping_class-france","23":"first","24":"instock","25":"shipping-taxable","26":"purchasable","27":"product-type-variable"},"acf":[],"_links":{"self":[{"href":"https:\/\/www.jean-michel-ducasse.com\/boutique\/wp-json\/wp\/v2\/product\/2603","targetHints":{"allow":["GET"]}}],"collection":[{"href":"https:\/\/www.jean-michel-ducasse.com\/boutique\/wp-json\/wp\/v2\/product"}],"about":[{"href":"https:\/\/www.jean-michel-ducasse.com\/boutique\/wp-json\/wp\/v2\/types\/product"}],"replies":[{"embeddable":true,"href":"https:\/\/www.jean-michel-ducasse.com\/boutique\/wp-json\/wp\/v2\/comments?post=2603"}],"wp:featuredmedia":[{"embeddable":true,"href":"https:\/\/www.jean-michel-ducasse.com\/boutique\/wp-json\/wp\/v2\/media\/2569"}],"wp:attachment":[{"href":"https:\/\/www.jean-michel-ducasse.com\/boutique\/wp-json\/wp\/v2\/media?parent=2603"}],"wp:term":[{"taxonomy":"product_brand","embeddable":true,"href":"https:\/\/www.jean-michel-ducasse.com\/boutique\/wp-json\/wp\/v2\/product_brand?post=2603"},{"taxonomy":"product_cat","embeddable":true,"href":"https:\/\/www.jean-michel-ducasse.com\/boutique\/wp-json\/wp\/v2\/product_cat?post=2603"},{"taxonomy":"product_tag","embeddable":true,"href":"https:\/\/www.jean-michel-ducasse.com\/boutique\/wp-json\/wp\/v2\/product_tag?post=2603"}],"curies":[{"name":"wp","href":"https:\/\/api.w.org\/{rel}","templated":true}]}}