{"id":918,"date":"2018-11-03T17:08:31","date_gmt":"2018-11-03T16:08:31","guid":{"rendered":"http:\/\/www.jean-michel-ducasse.com\/boutique\/?post_type=product&#038;p=918"},"modified":"2021-01-30T20:10:17","modified_gmt":"2021-01-30T19:10:17","slug":"roue-a-rayons","status":"publish","type":"product","link":"https:\/\/www.jean-michel-ducasse.com\/boutique\/photographies-d-art\/banque-dimages\/vehicules\/roue-a-rayons\/","title":{"rendered":"Roue \u00e0 rayons"},"content":{"rendered":"<p><strong>Tirage A4 ou 30x45cm seul ou avec cadre<\/strong><\/p>\n<p>Votre tirage sera imprim\u00e9 sur papier HAHNEMUHLE Photo Rag 188gr. C\u2019est le papier pr\u00e9f\u00e9r\u00e9 des photographes pour la r\u00e9alisation de tirages d\u2019art. Le toucher et la structure superficielle tr\u00e8s fine et souple du Photo Rag sont versatiles et conviennent ainsi remarquablement au tirage de photos couleurs, ainsi que pour la reproduction d\u2019\u0153uvres d\u2019art avec une grande profondeur d\u2019image<\/p>\n<p><strong>Tirage Dibond 40x60cm<\/strong><\/p>\n<p>Votre tirage sera imprim\u00e9 sur papier HAHNEMUHLE recevant une finition de protection\u00a0 pelliculage Crystal satin\u00e9 contrecoll\u00e9 sur une plaque Dibond. Livr\u00e9 avec attaches 7cm (une paire)<\/p>\n","protected":false},"excerpt":{"rendered":"<p>Roue \u00e0 rayons de v\u00e9hicule de collection<\/p>\n","protected":false},"featured_media":908,"comment_status":"closed","ping_status":"closed","template":"","meta":{"_acf_changed":false},"product_brand":[],"product_cat":[169,168],"product_tag":[175,172,174,173,171,170],"class_list":{"0":"post-918","1":"product","2":"type-product","3":"status-publish","4":"has-post-thumbnail","6":"product_cat-vehicules","7":"product_cat-vehicules-de-collection","8":"product_tag-automobile","9":"product_tag-collection","10":"product_tag-courses","11":"product_tag-historique","12":"product_tag-jaguar","13":"product_tag-roue-a-rayons","14":"product_shipping_class-france","16":"first","17":"instock","18":"shipping-taxable","19":"purchasable","20":"product-type-variable"},"acf":[],"_links":{"self":[{"href":"https:\/\/www.jean-michel-ducasse.com\/boutique\/wp-json\/wp\/v2\/product\/918","targetHints":{"allow":["GET"]}}],"collection":[{"href":"https:\/\/www.jean-michel-ducasse.com\/boutique\/wp-json\/wp\/v2\/product"}],"about":[{"href":"https:\/\/www.jean-michel-ducasse.com\/boutique\/wp-json\/wp\/v2\/types\/product"}],"replies":[{"embeddable":true,"href":"https:\/\/www.jean-michel-ducasse.com\/boutique\/wp-json\/wp\/v2\/comments?post=918"}],"wp:featuredmedia":[{"embeddable":true,"href":"https:\/\/www.jean-michel-ducasse.com\/boutique\/wp-json\/wp\/v2\/media\/908"}],"wp:attachment":[{"href":"https:\/\/www.jean-michel-ducasse.com\/boutique\/wp-json\/wp\/v2\/media?parent=918"}],"wp:term":[{"taxonomy":"product_brand","embeddable":true,"href":"https:\/\/www.jean-michel-ducasse.com\/boutique\/wp-json\/wp\/v2\/product_brand?post=918"},{"taxonomy":"product_cat","embeddable":true,"href":"https:\/\/www.jean-michel-ducasse.com\/boutique\/wp-json\/wp\/v2\/product_cat?post=918"},{"taxonomy":"product_tag","embeddable":true,"href":"https:\/\/www.jean-michel-ducasse.com\/boutique\/wp-json\/wp\/v2\/product_tag?post=918"}],"curies":[{"name":"wp","href":"https:\/\/api.w.org\/{rel}","templated":true}]}}